{"id":590,"date":"2012-07-21T14:58:08","date_gmt":"2012-07-21T12:58:08","guid":{"rendered":"http:\/\/www.dasblog.textloft.de\/?page_id=590"},"modified":"2024-09-18T13:25:03","modified_gmt":"2024-09-18T12:25:03","slug":"das-blog","status":"publish","type":"page","link":"https:\/\/www.textloft.de\/musterbuecher\/","title":{"rendered":""},"content":{"rendered":"<p><strong>Die Musterb\u00fccher sind eine Pr\u00e4sentationsmappe von <a href=\"https:\/\/www.textloft.de\/person\/\">Martine Paulauskas<\/a><\/strong><\/p>\n<p>Texte sind Farben. Die Musterb\u00fccher wurden Anfang 2015 gestartet und sind ein im deutschen Sprachraum einzigartiger Blogansatz: Die vorgestellten Texte werden nicht nach Themenbereichen oder Textarten, sondern nach den Farben geordnet, mit denen die Geschichten, die sie erz\u00e4hlen, in unserer Vorstellungskraft &#8211; bewusst oder unbewusst &#8211; verbunden sind. Die Musterb\u00fccher sind in ihrem Konzept somit eine konkrete Umsetzung der k\u00fcnstlerischen Textarbeit von <a href=\"https:\/\/www.textloft.de\/\"><strong>TEXTLOFT<\/strong><\/a> und des theoretischen Prinzips des Textes als Bild und schaffen eine perfekte Verbindung zwischen dem virtuellen Atelier und dem Kunst- und Schauraum <a href=\"https:\/\/www.kunsttext.de\/\"><strong>KUNST:TEXT<\/strong><\/a>.<\/p>\n<p>Viele Texte sind inzwischen nicht mehr im Blog zu lesen, weil sie von Kunden erworben wurden, k\u00f6nnen aber auf Anfrage in einer Referenzmappe eingesehen werden.<br \/>\nDie in diesem Blog ver\u00f6ffentlichten Texte sind urheberrechtlich gesch\u00fctzt.<br \/>\nUrheber: Martine Paulauskas.<\/p>\n","protected":false},"excerpt":{"rendered":"<p>Die Musterb\u00fccher sind eine Pr\u00e4sentationsmappe von Martine Paulauskas Texte sind Farben. Die Musterb\u00fccher wurden Anfang 2015 gestartet und sind ein im deutschen Sprachraum einzigartiger Blogansatz: Die vorgestellten Texte werden nicht nach Themenbereichen oder Textarten, sondern nach den Farben geordnet, mit denen die Geschichten, die sie erz\u00e4hlen, in unserer Vorstellungskraft &#8211; bewusst oder unbewusst &#8211; verbunden [&hellip;]<\/p>\n","protected":false},"author":1,"featured_media":0,"parent":0,"menu_order":0,"comment_status":"closed","ping_status":"closed","template":"","meta":{"footnotes":""},"class_list":["post-590","page","type-page","status-publish","hentry"],"_links":{"self":[{"href":"https:\/\/www.textloft.de\/musterbuecher\/wp-json\/wp\/v2\/pages\/590","targetHints":{"allow":["GET"]}}],"collection":[{"href":"https:\/\/www.textloft.de\/musterbuecher\/wp-json\/wp\/v2\/pages"}],"about":[{"href":"https:\/\/www.textloft.de\/musterbuecher\/wp-json\/wp\/v2\/types\/page"}],"author":[{"embeddable":true,"href":"https:\/\/www.textloft.de\/musterbuecher\/wp-json\/wp\/v2\/users\/1"}],"replies":[{"embeddable":true,"href":"https:\/\/www.textloft.de\/musterbuecher\/wp-json\/wp\/v2\/comments?post=590"}],"version-history":[{"count":32,"href":"https:\/\/www.textloft.de\/musterbuecher\/wp-json\/wp\/v2\/pages\/590\/revisions"}],"predecessor-version":[{"id":1451,"href":"https:\/\/www.textloft.de\/musterbuecher\/wp-json\/wp\/v2\/pages\/590\/revisions\/1451"}],"wp:attachment":[{"href":"https:\/\/www.textloft.de\/musterbuecher\/wp-json\/wp\/v2\/media?parent=590"}],"curies":[{"name":"wp","href":"https:\/\/api.w.org\/{rel}","templated":true}]}}