{"id":701,"date":"2014-09-29T11:39:31","date_gmt":"2014-09-29T10:39:31","guid":{"rendered":"http:\/\/www.textloft.de\/auf-papier\/?page_id=701"},"modified":"2024-09-18T13:23:05","modified_gmt":"2024-09-18T12:23:05","slug":"auftragsarbeit","status":"publish","type":"page","link":"https:\/\/www.textloft.de\/auf-papier\/auftragsarbeit\/","title":{"rendered":"Auftragsarbeit"},"content":{"rendered":"<p>Sie m\u00f6gen meinen Schreibstil?<\/p>\n<p>Sie haben mit Papier, Tinte oder Schrift zu tun?<br \/>\nSie sind Hersteller, H\u00e4ndler, Designer, K\u00fcnstler?<\/p>\n<p>Sie h\u00e4tten gern ein eigenes Blog, aber es fehlt Ihnen die Zeit dazu?<br \/>\nSie m\u00f6chten Ihre Werbung aktualisieren, Flyer verteilen oder \u00fcber Pressemitteilungen neue Kunden gewinnen?<\/p>\n<p>Sie sind Papier- oder Schriftk\u00fcnstler und m\u00f6chten Ihre Kreationen nicht nur in Bildern, sondern auch mit stimmungsvollen, anregenden Texten pr\u00e4sentieren?<br \/>\nSie brauchen Katalogtexte? Eine eigene Homepage? Eine Pressemappe?<\/p>\n<p>Lernen Sie mich und meine Arbeit auf <a href=\"https:\/\/www.textloft.de\"><strong>TEXTLOF<\/strong>T<\/a> kennen und sprechen Sie mich an.<\/p>\n","protected":false},"excerpt":{"rendered":"<p>Sie m\u00f6gen meinen Schreibstil? Sie haben mit Papier, Tinte oder Schrift zu tun? Sie sind Hersteller, H\u00e4ndler, Designer, K\u00fcnstler? Sie h\u00e4tten gern ein eigenes Blog, aber es fehlt Ihnen die Zeit dazu? Sie m\u00f6chten Ihre Werbung aktualisieren, Flyer verteilen oder \u00fcber Pressemitteilungen neue Kunden gewinnen? Sie sind Papier- oder Schriftk\u00fcnstler und m\u00f6chten Ihre Kreationen nicht [&hellip;]<\/p>\n","protected":false},"author":3,"featured_media":0,"parent":0,"menu_order":3,"comment_status":"closed","ping_status":"closed","template":"","meta":{"footnotes":""},"class_list":["post-701","page","type-page","status-publish","hentry"],"_links":{"self":[{"href":"https:\/\/www.textloft.de\/auf-papier\/wp-json\/wp\/v2\/pages\/701","targetHints":{"allow":["GET"]}}],"collection":[{"href":"https:\/\/www.textloft.de\/auf-papier\/wp-json\/wp\/v2\/pages"}],"about":[{"href":"https:\/\/www.textloft.de\/auf-papier\/wp-json\/wp\/v2\/types\/page"}],"author":[{"embeddable":true,"href":"https:\/\/www.textloft.de\/auf-papier\/wp-json\/wp\/v2\/users\/3"}],"replies":[{"embeddable":true,"href":"https:\/\/www.textloft.de\/auf-papier\/wp-json\/wp\/v2\/comments?post=701"}],"version-history":[{"count":6,"href":"https:\/\/www.textloft.de\/auf-papier\/wp-json\/wp\/v2\/pages\/701\/revisions"}],"predecessor-version":[{"id":1115,"href":"https:\/\/www.textloft.de\/auf-papier\/wp-json\/wp\/v2\/pages\/701\/revisions\/1115"}],"wp:attachment":[{"href":"https:\/\/www.textloft.de\/auf-papier\/wp-json\/wp\/v2\/media?parent=701"}],"curies":[{"name":"wp","href":"https:\/\/api.w.org\/{rel}","templated":true}]}}