{"id":692,"date":"2014-09-28T21:07:46","date_gmt":"2014-09-28T20:07:46","guid":{"rendered":"http:\/\/www.textloft.de\/auf-papier\/?page_id=692"},"modified":"2020-08-28T14:01:14","modified_gmt":"2020-08-28T13:01:14","slug":"datenschutzerklaerung","status":"publish","type":"page","link":"https:\/\/www.textloft.de\/auf-papier\/datenschutzerklaerung\/","title":{"rendered":"Datenschutzerkl\u00e4rung"},"content":{"rendered":"<p><strong>Diese Datenschutzerkl\u00e4rung gilt f\u00fcr die folgenden Seiten:<\/strong><\/p>\n<p><a href=\"https:\/\/www.textloft.de\">https:\/\/www.textloft.de<\/a><br \/>\n<a href=\"https:\/\/www.textloft.de\/dasblog\">https:\/\/www.textloft.de\/dasblog<\/a><br \/>\n<a href=\"https:\/\/www.textloft.de\/kunsttext\">https:\/\/www.textloft.de\/kunsttext<\/a><br \/>\n<a href=\"https:\/\/www.textloft.de\/musterbuecher\">https:\/\/www.textloft.de\/musterbuecher<\/a><br \/>\n<a href=\"https:\/\/www.textloft.de\/auf-papier\">https:\/\/www.textloft.de\/auf-papier<\/a><\/p>\n<p><strong>Diese Datenschutzerkl\u00e4rung gilt auch f\u00fcr die folgenden Social Media-Profile und Fanseiten:<\/strong><\/p>\n<p>Twitter: <a href=\"https:\/\/twitter.com\/textloft\">https:\/\/twitter.com\/textloft<\/a><\/p>\n<h3>Verantwortliche im Sinne der Datenschutzgrundverordnung (DSGVO)<\/h3>\n<p>Martine Paulauskas<br \/>\nGoebenstr. 63<br \/>\n48151 M\u00fcnster<br \/>\nE-Mailadresse: <a href=\"mailto:info@textloft.de\">info@textloft.de<\/a><br \/>\n<a href=\"https:\/\/www.textloft.de\/impressum\/\" target=\"_blank\" rel=\"noopener noreferrer\">https:\/\/www.textloft.de\/impressum\/<\/a><\/p>\n<p>Diese Datenschutzerkl\u00e4rung kl\u00e4rt Sie \u00fcber die Art, den Umfang und den Zweck der Verarbeitung von personenbezogenen Daten (nachfolgend kurz \u201eDaten\u201c genannt) im Rahmen meiner Websites und meines Twitter-Profils, sowie \u00fcber die Rechtsgrundlagen f\u00fcr die Speicherung und Verarbeitung Ihrer Daten auf.<\/p>\n<h3>Was sind \u201epersonenbezogene Daten\u201c?<\/h3>\n<p>\u201ePersonenbezogene Daten\u201c sind alle Informationen, die es erm\u00f6glichen, Sie als Person zu identifizieren, R\u00fcckschl\u00fcsse \u00fcber Ihre Person zu ziehen und\/oder einen Bezug zu Ihrer Person herzustellen.<br \/>\nAusf\u00fchrlichere Definitionen aller Begriffe, die in dieser Datenschutzerkl\u00e4rung verwendet werden, finden Sie in Art. 4 der Datenschutzgrundverordnung (DSGVO).<\/p>\n<h3>Welche Daten verarbeite und speichere ich und wie tue ich das?<\/h3>\n<p>Grunds\u00e4tzlich speichere ich nur Daten, wenn dies das Gesetz unbedingt vorschreibt.<br \/>\nDaten zum Zwecke des Marketings oder der Direktwerbung sammle und speichere ich nicht.<br \/>\nUm meine Websites zu nutzen, m\u00fcssen Sie keine personenbezogenen Daten angeben, und solche Daten werden auch nicht automatisch ermittelt. Meine Websites bieten keine Kontaktformulare an. Um mit mir Kontakt aufzunehmen, m\u00fcssen Sie mich gezielt z.B. \u00fcber eMail oder per Briefpost anschreiben oder anrufen. Dies erm\u00f6glicht Ihnen, mir nur die Daten zu \u00fcbermitteln, die Sie wirklich \u00fcbermitteln wollen. Im Umkehrschluss bedeutet das, dass Sie, indem Sie mich freiwillig und von sich aus kontaktieren, sich dessen bewusst sind, dass Sie mir dadurch Daten \u00fcber sich \u00fcbermitteln, und sich somit damit einverstanden erkl\u00e4ren, dass ich diese Daten nutze, um Ihnen zu antworten.<br \/>\nIch leite Ihre Daten niemals an Dritte weiter, es sei denn, das Gesetz verlangt es, und verwende sie ausschlie\u00dflich zum Zwecke unserer Kommunikation bzw. Zusammenarbeit.<\/p>\n<p><strong>BESTANDSDATEN<\/strong><br \/>\n<strong>Was ist das?<\/strong><br \/>\nEs handelt sich um die Namen, Adressen, Tel.-Nr., eMail-Adressen meiner Kunden. Die Rechtsgrundlage f\u00fcr die Verarbeitung zur Erf\u00fcllung meiner Leistungen und zur Durchf\u00fchrung von Auftr\u00e4gen ist Art. 6 Abs. 1 lit. b DSGVO. Die Rechtsgrundlage f\u00fcr die Verarbeitung zur Erf\u00fcllung meiner rechtlichen Verpflichtungen ist Art. 6 Abs. 1 lit. c DSGVO.<\/p>\n<p><strong>Wie und wie lange werden diese Daten gespeichert?<\/strong><br \/>\nDiese Daten nehme ich ausschlie\u00dflich analog auf Karteikarten auf. Sie werden nicht per Computer verarbeitet und werden in keiner Datenbank gespeichert, denn sie sind nicht buchhaltungsrelevant. So sind Ihre Daten vor Eingriffen von au\u00dfen besonders sicher und k\u00f6nnen Dritten nicht unwissentlich zug\u00e4nglich werden. Bei Anfragen im Sinne der Portabilit\u00e4t schreibe ich Ihre Karteikarte ab und lasse Ihnen die Daten auf Wunsch im Excel-Format zukommen. Zudem erhalten Sie eine Fotografie oder einen Scan der Karteikarte, so dass Sie kontrollieren k\u00f6nnen, dass ich wirklich nur diese Daten zu Ihrer Person oder Ihrem Unternehmen besitze. Diese Daten bewahre ich nur so lange auf, wie es f\u00fcr unsere Kommunikation n\u00f6tig ist oder wie das Gesetz es ggfs. vorschreibt.<\/p>\n<p><strong>AUFTRAGSBEZOGENE DATEN<\/strong><br \/>\n<strong>Was ist das?<\/strong><br \/>\nEs handelt sich zum Beispiel um  Auftragserteilungen, Auftragsbest\u00e4tigungen und Vereinbarungen zu Auftragsgegenstand und -umfang, Briefverkehr im Vorfeld eines Auftrags (z.B. mein Kostenvoranschlag und die Antwort des Kunden, Fragen und Antworten \u00fcber die Form des Auftrags), zum Auftrag (z.B. R\u00fcckfragen und schriftliche Inhaltsbesprechungen) und Schriftwechsel nach dem Auftrag (z.B. Kopie der Rechnungen, die ich Ihnen zusende). Da ich Ihnen all diese Unterlagen auf Papier zusende und f\u00fcr die ordnungsgem\u00e4\u00dfe Auftragserteilung Ihre Unterschrift und Parafierung eines Originalexemplars des Vertrags\/Auftrags und der Vertragsbedingungen bzw. ggfs. der weiteren Unterlagen verlange, werden diese Daten ausschlie\u00dflich in dieser Form gespeichert. d.h. archiviert. Diese Erfordernis der Papierform ist in meinen Vertragsbedingungen festgelegt und bedeutet f\u00fcr Sie eine zus\u00e4tzliche Absicherung Ihrer Daten: So sind Ihre Daten vor Eingriffen von au\u00dfen besonders sicher und k\u00f6nnen Dritten nicht unwissentlich zug\u00e4nglich werden.<br \/>\nDie Rechtsgrundlage f\u00fcr die Verarbeitung zur Erf\u00fcllung meiner Leistungen und zur Durchf\u00fchrung von Auftr\u00e4gen ist Art. 6 Abs. 1 lit. b DSGVO. Die Rechtsgrundlage f\u00fcr die Verarbeitung zur Erf\u00fcllung meiner rechtlichen Verpflichtungen ist Art. 6 Abs. 1 lit. c DSGVO.<\/p>\n<p><strong>Wie und wie lange werden diese Daten gespeichert?<\/strong><br \/>\nAlle steuerrelevanten und auftragsbezogenen Unterlagen in Papierform werden nur so lange archiviert, wie die gesetzlichen Vorschriften es vorschreiben (10 Jahre f\u00fcr Buchhaltungsdaten und alle Daten, die f\u00fcr die Finanz- und Sozialbeh\u00f6rden relevant sind, 6 Jahre f\u00fcr Handelskorrespondenz).<\/p>\n<p><strong>KONTAKTDATEN VON INTERESSENTEN, FANS &amp; M\u00c4ZENEN<\/strong><br \/>\n<strong>Was ist das?<\/strong><br \/>\nEs handelt sich um die Namen, Adressen, Tel.-Nr., eMail-Adressen der Interessenten, Fans und M\u00e4zenen, die mit mir Kontakt aufnehmen.<\/p>\n<p><strong>Wie und wie lange werden diese Daten gespeichert?<\/strong><br \/>\nWendet sich ein potentieller Kunde per eMail mit einer Anfrage an mich, behalte ich seine eMail nur so lange auf Computer und Server, bis diese beantwortet ist \u2013 in der Regel nicht l\u00e4nger als drei Tage. Wenn diese eMails nicht zu einem Auftrag f\u00fchren, werden sie vollst\u00e4ndig vom Server gel\u00f6scht. F\u00fchren diese eMails zu einem Auftrag und werden sie dadurch Grundlage eines Auftrags\/Vertrags, werden sie zu Buchhaltungszwecken archiviert, wie das Gesetz es vorschreibt. In diesem Fall gelten die Angaben zu den \u201eAuftragsbezogenen Daten\u201c (s. oben).<br \/>\nNamen, Adressen, Tel.-Nr., eMail-Adressen von Interessenten, bei denen der Kontakt nicht zu einem Auftrag f\u00fchrt, bewahre ich nicht auf; sie werden auch nicht analog aufgenommen.<br \/>\nDie Rechtsgrundlage f\u00fcr die Beantwortung von Anfragen und Kontaktaufnahmen ist Art. 6 Abs. 1 lit. b DSGVO.<\/p>\n<p>Schriftverkehr von Fans bewahre ich nicht auf, da er nicht steuerrelevant ist und eine Speicherung oder Archivierung nicht notwendig und somit nicht erlaubt ist. Die eMails werden sofort nach dem Lesen und ggfs. Beantworten vollst\u00e4ndig von Computer und Server gel\u00f6scht.<\/p>\n<p>Der Schriftverkehr mit M\u00e4zenen wird analog zu den auftragsbezogenen Daten (s. oben) im Rahmen der gesetzlichen Archivierungspflichten archiviert, da er steuerlich relevant ist.<\/p>\n<h3>Wie und wann l\u00f6sche ich Ihre Daten?<\/h3>\n<p>Digitale Daten werden nach Ablauf der gesetzlichen Aufbewahrungsfristen systematisch und restlos gel\u00f6scht. Daten und Unterlagen in analoger Form (Karteikarten, Ausdrucke, postalische Schriftwechsel \u2026) werden durch einen qualifizierten und zertifizierten Aktenvernichtungbetrieb  nach DIN 66399, Schutzklasse 2, Sicherheitsstufe P4 unter Einhaltung der Richtlinien der DSGVO vernichtet.<\/p>\n<h3>Rechtsgrundlagen<\/h3>\n<p>Alle Daten, die ich verarbeite und speichere, entsprechen Art. 6 Abs. 1 der DSGVO. Die Rechtsgrundlage f\u00fcr die Verarbeitung von Daten, die Sie mir selbst \u00fcbermittelt haben und deren Speicherung Sie damit zugestimmt haben, ist Art. 6 Abs. 1 lit. a DSGVO. Die Rechtsgrundlage f\u00fcr die Verarbeitung von Daten zur Erf\u00fcllung meiner Leistungen und zur Durchf\u00fchrung von Auftr\u00e4gen ist Art. 6 Abs. 1 lit. b DSGVO. Die Rechtsgrundlage f\u00fcr die Verarbeitung Ihrer Daten zur Erf\u00fcllung meiner rechtlichen Verpflichtungen ist Art. 6 Abs. 1 lit. c DSGVO. Die Rechtsgrundlage f\u00fcr die Verarbeitung Ihrer Daten zur Wahrung meiner berechtigten Interessen ist Art. 6 Abs. 1 lit. f DSGVO.<\/p>\n<h3>Was sind Ihre Rechte in Bezug auf Ihre Daten?<\/h3>\n<p>Ihre Daten geh\u00f6ren Ihnen, und Sie haben \u00fcber die Speicherung und Verarbeitung Ihrer Daten viele Rechte.<\/p>\n<p><strong>RECHT AUF AUSKUNFT<\/strong><br \/>\nSie k\u00f6nnen jederzeit und kostenlos Auskunft dar\u00fcber verlangen, ob ich \u00fcber Daten \u00fcber Sie verf\u00fcge und solche Daten verarbeite, um welche Daten es sich handelt, wie ich sie verarbeite, und Sie d\u00fcrfen auch weitere Informationen zu diesen Daten verlangen. Rechtsgrundlage hierf\u00fcr ist Art. 15 DSGVO.<\/p>\n<p><strong>RECHT AUF VERVOLLST\u00c4NDIGUNG &amp; BERICHTIGUNG<\/strong><br \/>\nSollten die Daten, \u00fcber die ich zu Ihrer Person oder Ihrem Unternehmen verf\u00fcge, nicht aktuell, nicht korrekt oder nicht vollst\u00e4ndig sein, k\u00f6nnen Sie jederzeit und kostenlos ihre Berichtigung und Vervollst\u00e4ndigung verlangen. Dieses Recht haben Sie gem\u00e4\u00df Art. 16 DSGVO.<\/p>\n<p><strong>WIDERRUFSRECHT<\/strong><br \/>\nIhre Daten \u00fcbermitteln Sie mir im Rahmen der Kontaktaufnahme freiwillig und Sie erkl\u00e4ren sich durch diese \u00dcbermittlung mit ihrer Verarbeitung und Speicherung, wie sie in dieser Datenschutzerkl\u00e4rung beschrieben werden, einverstanden. Dennoch d\u00fcrfen Sie jederzeit Ihre Meinung \u00e4ndern und Ihre Einwilligung gem\u00e4\u00df Art. 7 Abs. 3 DSGVO mit Wirkung f\u00fcr die Zukunft widerrufen.<\/p>\n<p><strong>RECHT AUF L\u00d6SCHUNG &amp; SPERRUNG<\/strong><br \/>\nGem\u00e4\u00df Art. 17 DSGVO k\u00f6nnen Sie verlangen, dass ich Ihre Daten unverz\u00fcglich l\u00f6sche. Sollte dies \u2013 in erster Linie aus rechtlichen Gr\u00fcnden \u2013 nicht m\u00f6glich sein, k\u00f6nnen Sie dennoch gem\u00e4\u00df Art. 18 DSGVO eine Einschr\u00e4nkung der Verarbeitung Ihrer Daten verlangen.<\/p>\n<p><strong>RECHT AUF PORTABILIT\u00c4T<\/strong><br \/>\nSie haben das Recht, gem\u00e4\u00df Art. 20 DSGVO zu verlangen, dass ich Ihre Daten Ihnen oder einer anderen, von Ihnen gew\u00e4hlten verantwortlichen Person \u00fcbermittle.<\/p>\n<p><strong>RECHT AUF BESCHWERDE BEI EINER ZUST\u00c4NDIGEN AUFSICHTSBEH\u00d6RDE<\/strong><br \/>\nSie haben des Weiteren gem. Art. 77 DSGVO das Recht, eine Beschwerde bei der zust\u00e4ndigen Aufsichtsbeh\u00f6rde einzureichen, wenn Sie der Meinung sind, dass ein Versto\u00df gegen den Datenschutz vorliegt.<\/p>\n<h3>Welche Daten werden \u00fcbermittelt, wenn Sie meine Websites aufrufen?<\/h3>\n<p><strong>COOKIES<\/strong><br \/>\nMeine Websites verwenden keinerlei Cookies.<br \/>\nCookies werden lediglich aktiviert, wenn Sie in einem meiner Blogs auf den PayPal-Spenden-Button klicken. Meine Websites verwenden keine Cookies. Cookies werden lediglich von PayPal aktiviert, wenn Sie auf den PayPal-Button klicken. <strong>BEVOR<\/strong> Sie das tun, lesen Sie also unbedingt die <a href=\"https:\/\/www.paypal.com\/DE\/webapps\/mpp\/ua\/privacy-full?locale.x=de_DE\" target=\"_blank\" rel=\"noopener noreferrer\"><strong>Datenschutzerkl\u00e4rung von PayPal<\/strong> <\/a>.<\/p>\n<p><strong>HOSTING: VON MEINEM INTERNETPROVIDER VERARBEITETE UND GESPEICHERTE DATEN<\/strong><br \/>\nMeine Websites werden bei einem professionellen Provider gehostet, der f\u00fcr die Verf\u00fcgbarkeit, die einwandfreie Funktion und die Sicherheit meiner Websites sorgt und verantwortlich ist.<br \/>\nMein Hosting-Anbieter speichert und verarbeitet auf Grundlage meiner berechtigten Interessen gem. Art. 6 Abs. 1 lit. f DSGVO und Art. 28 DSGVO Daten von Besuchern meiner Website.<br \/>\nMein Provider erhebt Daten \u00fcber jeden Zugriff auf den Server, auf dem meine Websites gehostet werden. Diese Daten werden in sog. \u201eServer-Logfiles\u201c zusammengetragen und gespeichert. Zu den Zugriffsdaten geh\u00f6ren der Typ und die Version des Browsers, den Sie verwenden, Ihr Betriebssystem, der Name der aufgerufenen Website oder Datei, Datum und Uhrzeit des Aufrufs, die \u00fcbertragene Datenmenge, die Best\u00e4tigung, dass die Seite erfolgreich aufgerufen wurde, die Seite, von der aus Sie zu meiner Website gelangt sind (sog. Referrer URL), Ihre IP-Adresse und der anfragende Provider. Ihre IP-Adresse wird dabei anonymisiert.<br \/>\nLogfiles werden aus Sicherheitsgr\u00fcnden laut Auskunft meines Hostinganbieters f\u00fcr die Dauer von 7 Tagen gespeichert und danach automatisch gel\u00f6scht, es sei denn, diese Daten m\u00fcssen zu Zwecken der Beweissicherung l\u00e4nger gespeichert bleiben.<br \/>\nEs ist mir nicht m\u00f6glich, aus diesen Daten auf Ihre Person zu schlie\u00dfen und Sie zu identifizieren.<br \/>\nDie Rechtsgrundlage hierf\u00fcr ist Art. 6 Abs. 1 lit. f. DSGVO.<\/p>\n<p><strong>M\u00c4ZENAT &#038; PAYPAL<\/strong><br \/>\nM\u00e4zene k\u00f6nnen meine Arbeit durch Zuwendungen (sog. nichtleistungsgebundene Leistungen) unterst\u00fctzen. Hierzu ist auf einigen meiner Blogs ein PayPal-Donate-Button eingebunden. Die Nutzung des Buttons f\u00fchrt direkt und automatisch auf die Website von PayPal. Die Europ\u00e4ische Betreibergesellschaft von PayPal ist die PayPal (Europe) S.\u00e0.r.l. &#038; Cie. S.C.A., 22-24 Boulevard Royal, 2449 Luxembourg. PayPal wiederum speichert und verwendet personenbezogene Daten und Cookies. Sobald Sie den Spendenbutton aktivieren, erh\u00e4lt PayPal Ihre Daten, unter anderem Ihre IP, und sobald Sie eine Zahlung verlassen, werden weitere pers\u00f6nliche Daten erhoben, gespeichert und verarbeitet. <strong>BEVOR<\/strong> Sie auf den Spenden-Button klicken, lesen Sie bitte also <strong>UNBEDINGT<\/strong> die <a href=\"https:\/\/www.paypal.com\/DE\/webapps\/mpp\/ua\/privacy-full?locale.x=de_DE\" rel=\"noopener noreferrer\" target=\"_blank\">Datenschutzerkl\u00e4rung von PayPal<\/a> und nutzen Sie den PayPal-Button bitte nur, wenn Sie sich vergewissert haben, dass diese Ihren Vorstellungen entsprechen.<\/p>\n<p><strong>STATIFY<\/strong><br \/>\nIch verwende keine Besuchertracking- oder -auswertungsprogramme. Ich verwende lediglich das Besucherz\u00e4hler-Plug-in \u201eStatify\u201c. Dieses Plug-in erfasst keine IP, keine Nutzer-Profile, nutzt keine Technologien von Drittanbietern, setzt keine Cookies. Er z\u00e4hlt lediglich, wie oft meine Websites am Tag aufgerufen werden, listet die 10 URL auf, von denen aus meine Seiten aufgerufen werden, und die 10 Unterseiten meiner Websites, die am h\u00e4ufigsten aufgerufen werden. Nach zwei Wochen werden diese Daten automatisch gel\u00f6scht. Statify ist anerkannterma\u00dfen datenschutzkonform, da keinerlei Daten erfasst werden, die auf einen bestimmten Besucher zur\u00fcckschlie\u00dfen lassen. Ich verwende die Grundversion (Minimalversion) von Statify, ohne jegliche Erweiterungen. Ich setze Statify lediglich ein, um zu sehen, welche meiner Texte meinen Lesern besonders gefallen. Rechtsgrundlage hierf\u00fcr ist Art. 6 Abs. 1 lit. f. DSGVO.<\/p>\n<p><strong>DATENSICHERHEIT<\/strong><br \/>\nMeine Websites sind mit dem SSL-Zertifikat gesch\u00fctzt. So kann ein Abgreifen von Daten durch Dritte im Moment des Seitenaufrufs besser verhindert werden.<\/p>\n<h3>Welche Daten werden \u00fcber mein Twitter-Profil erhoben, verarbeitet und gespeichert?<\/h3>\n<p>Ich unterhalte ein Profil auf Twitter, um Kunden und Interessenten einen Blick hinter die Kulissen meiner Arbeit und meines K\u00fcnstlerlebens zu gew\u00e4hren, gelegentlichen Austausch mit anderen K\u00fcnstlern zu pflegen, und als Kommunikationsm\u00f6glichkeit f\u00fcr eventuelle Interessenten. Twitter ist ein Onlinedienst und Social Media-Angebot der Twitter Inc., 795 Folsom St., Suite 600, San Francisco, CA 94107, USA. Meine Artikel und Websites leiten lediglich auf meinen Twitter-Account weiter, ich biete jedoch bewusst keine Twitter-Buttons an. \u00dcber die Datenschutzpolitik von Twitter k\u00f6nnen Sie sich hier ausf\u00fchrlich informieren: <a href=\"https:\/\/twitter.com\/privacy?lang=de#update\" target=\"_blank\" rel=\"noopener noreferrer\">https:\/\/twitter.com\/privacy?lang=de#update<\/a><\/p>\n","protected":false},"excerpt":{"rendered":"<p>Diese Datenschutzerkl\u00e4rung gilt f\u00fcr die folgenden Seiten: https:\/\/www.textloft.de https:\/\/www.textloft.de\/dasblog https:\/\/www.textloft.de\/kunsttext https:\/\/www.textloft.de\/musterbuecher https:\/\/www.textloft.de\/auf-papier Diese Datenschutzerkl\u00e4rung gilt auch f\u00fcr die folgenden Social Media-Profile und Fanseiten: Twitter: https:\/\/twitter.com\/textloft Verantwortliche im Sinne der Datenschutzgrundverordnung (DSGVO) Martine Paulauskas Goebenstr. 63 48151 M\u00fcnster E-Mailadresse: info@textloft.de https:\/\/www.textloft.de\/impressum\/ Diese Datenschutzerkl\u00e4rung kl\u00e4rt Sie \u00fcber die Art, den Umfang und den Zweck der Verarbeitung von [&hellip;]<\/p>\n","protected":false},"author":3,"featured_media":0,"parent":0,"menu_order":4,"comment_status":"closed","ping_status":"closed","template":"","meta":{"footnotes":""},"class_list":["post-692","page","type-page","status-publish","hentry"],"_links":{"self":[{"href":"https:\/\/www.textloft.de\/auf-papier\/wp-json\/wp\/v2\/pages\/692","targetHints":{"allow":["GET"]}}],"collection":[{"href":"https:\/\/www.textloft.de\/auf-papier\/wp-json\/wp\/v2\/pages"}],"about":[{"href":"https:\/\/www.textloft.de\/auf-papier\/wp-json\/wp\/v2\/types\/page"}],"author":[{"embeddable":true,"href":"https:\/\/www.textloft.de\/auf-papier\/wp-json\/wp\/v2\/users\/3"}],"replies":[{"embeddable":true,"href":"https:\/\/www.textloft.de\/auf-papier\/wp-json\/wp\/v2\/comments?post=692"}],"version-history":[{"count":22,"href":"https:\/\/www.textloft.de\/auf-papier\/wp-json\/wp\/v2\/pages\/692\/revisions"}],"predecessor-version":[{"id":1152,"href":"https:\/\/www.textloft.de\/auf-papier\/wp-json\/wp\/v2\/pages\/692\/revisions\/1152"}],"wp:attachment":[{"href":"https:\/\/www.textloft.de\/auf-papier\/wp-json\/wp\/v2\/media?parent=692"}],"curies":[{"name":"wp","href":"https:\/\/api.w.org\/{rel}","templated":true}]}}