{"id":351,"date":"2009-05-23T17:18:35","date_gmt":"2009-05-23T16:18:35","guid":{"rendered":"http:\/\/www.textloft.de\/auf-papier\/?page_id=2"},"modified":"2020-08-28T14:48:18","modified_gmt":"2020-08-28T13:48:18","slug":"ueber-mich-2","status":"publish","type":"page","link":"https:\/\/www.textloft.de\/auf-papier\/ueber-mich-2\/","title":{"rendered":"Einleitung"},"content":{"rendered":"<p>AUF PAPIER ist ein Liebhaberblog, das von der Liebe zu Papier, Schreibwaren, Schrift &amp; Schreiben erz\u00e4hlt und vor allen Dingen ihren \u00e4sthetischen und sinnlichen Aspekten gewidmet ist.<\/p>\n<p>Portr\u00e4ts von Schreib- und Schriftk\u00fcnstlern, Kolumnen und Glossen zum Thema &#8222;analoges Schreiben&#8220;, Artikel \u00fcber Schrifttum, Handschrift, Kunst- und Kunsthandwerksberufe, Schrift, Papier, Tinte und Buch, Text\u00e4sthetik nehmen einen besonderen Platz ein. Auch legend\u00e4re Schreibwaren und ihre mythische Ausstrahlung werden nicht fehlen.<\/p>\n<p>Das Blog bietet auch Artikelreihen mit praktischen Tipps zur Schreibger\u00e4t- und Papierauswahl und einige Produkt- und Projektrezensionen.<\/p>\n<p>AUF PAPIER greift auch gern Themenvorschl\u00e4ge auf, die die Leser unter kontakt(at)textloft.de einreichen k\u00f6nnen.<\/p>\n<p>AUF PAPIER ist ein Blog von <a href=\"https:\/\/www.textloft.de\"><strong>Martine Paulauskas<\/strong><\/a>.<\/p>\n<p>Wenn Sie meine Artikel m\u00f6gen, k\u00f6nnen Sie als M\u00e4zen dieses Blog meine Arbeit unterst\u00fctzen. Lesen Sie ZUVOR jedoch die folgenden Hinweise sowie meine Datenschutzerk\u00e4rung:<\/p>\n<p style=\"padding-left: 80px;\"><b><br \/>\nCOOKIE- &amp; DATENSCHUTZ-HINWEIS zur DONATE-FUNKTION:<br \/>\n<\/b> Meine Websites verwenden keine Cookies. Cookies werden lediglich von PayPal aktiviert, wenn Sie auf den PayPal-Button klicken. PayPal erhebt, speichert und verarbeitet zudem Daten, sobald Sie den Donate-Button verwenden. <b>Bevor<\/b> Sie auf den PayPal-Button klicken, lesen Sie also <b>unbedingt<\/b> die <a href=\"https:\/\/www.paypal.com\/DE\/webapps\/mpp\/ua\/privacy-full?locale.x=de_DE\" target=\"_blank\" rel=\"noopener noreferrer\"><b>Datenschutzerkl\u00e4rung von PayPal<\/b><\/a>. Weitere Hinweise finden Sie auch in meiner eigenen <a href=\"https:\/\/www.textloft.de\/auf-papier\/datenschutzerklaerung\/\">Datenschutzerkl\u00e4rung<\/a> (Absatz M\u00e4zenat &amp; PayPal).<\/p>\n<p style=\"padding-left: 80px;\"><input title=\"PayPal - The safer, easier way to pay online!\" alt=\"Donate with PayPal button\" name=\"submit\" src=\"https:\/\/www.paypalobjects.com\/en_US\/i\/btn\/btn_donate_LG.gif\" type=\"image\" \/><\/p>\n","protected":false},"excerpt":{"rendered":"<p>AUF PAPIER ist ein Liebhaberblog, das von der Liebe zu Papier, Schreibwaren, Schrift &amp; Schreiben erz\u00e4hlt und vor allen Dingen ihren \u00e4sthetischen und sinnlichen Aspekten gewidmet ist. Portr\u00e4ts von Schreib- und Schriftk\u00fcnstlern, Kolumnen und Glossen zum Thema &#8222;analoges Schreiben&#8220;, Artikel \u00fcber Schrifttum, Handschrift, Kunst- und Kunsthandwerksberufe, Schrift, Papier, Tinte und Buch, Text\u00e4sthetik nehmen einen besonderen [&hellip;]<\/p>\n","protected":false},"author":3,"featured_media":0,"parent":0,"menu_order":1,"comment_status":"closed","ping_status":"closed","template":"","meta":{"footnotes":""},"class_list":["post-351","page","type-page","status-publish","hentry"],"_links":{"self":[{"href":"https:\/\/www.textloft.de\/auf-papier\/wp-json\/wp\/v2\/pages\/351","targetHints":{"allow":["GET"]}}],"collection":[{"href":"https:\/\/www.textloft.de\/auf-papier\/wp-json\/wp\/v2\/pages"}],"about":[{"href":"https:\/\/www.textloft.de\/auf-papier\/wp-json\/wp\/v2\/types\/page"}],"author":[{"embeddable":true,"href":"https:\/\/www.textloft.de\/auf-papier\/wp-json\/wp\/v2\/users\/3"}],"replies":[{"embeddable":true,"href":"https:\/\/www.textloft.de\/auf-papier\/wp-json\/wp\/v2\/comments?post=351"}],"version-history":[{"count":19,"href":"https:\/\/www.textloft.de\/auf-papier\/wp-json\/wp\/v2\/pages\/351\/revisions"}],"predecessor-version":[{"id":1157,"href":"https:\/\/www.textloft.de\/auf-papier\/wp-json\/wp\/v2\/pages\/351\/revisions\/1157"}],"wp:attachment":[{"href":"https:\/\/www.textloft.de\/auf-papier\/wp-json\/wp\/v2\/media?parent=351"}],"curies":[{"name":"wp","href":"https:\/\/api.w.org\/{rel}","templated":true}]}}